{"id":12092,"date":"2022-06-15T14:07:59","date_gmt":"2022-06-15T11:07:59","guid":{"rendered":"https:\/\/grindeks.md\/?page_id=12092"},"modified":"2025-08-22T10:57:47","modified_gmt":"2025-08-22T07:57:47","slug":"home-page","status":"publish","type":"page","link":"https:\/\/grindeks.md\/ro\/","title":{"rendered":"Pagina principala"},"content":{"rendered":"\n<h2 class=\"wp-block-heading\"><strong>Despre noi<\/strong><\/h2>\n\n\n\n<p>Grindeks este cel mai mare produc\u0103tor de produse farmaceutice din \u021b\u0103rile baltice, cu sediul \u00een Riga, Letonia, care activeaz\u0103 din 1946.<\/p>\n\n\n\n<p>De-a lungul anilor, am fost recunoscu\u021bi pentru faptul c\u0103 ajut\u0103m milioane de pacien\u021bi din \u00eentreaga lume. Produsele noastre sunt v\u00e2ndute \u00een 100 de \u021b\u0103ri la nivel global. Portofoliul de produse Grindeks este compus din produse originale, generice \u0219i substan\u021be farmaceutice active, toate produse \u00een conformitate cu cerin\u021bele mondiale de siguran\u021b\u0103 \u0219i calitate.<\/p>\n\n\n\n<p>Pentru a ajuta oamenii s\u0103 dep\u0103\u0219easc\u0103 problemele de s\u0103n\u0103tate, ne concentr\u0103m asupra medicamentelor care trateaz\u0103 bolile cardiovasculare, ale sistemului nervos central, oncologice, diabetice \u0219i de piele. Ne propunem s\u0103 \u00eembun\u0103t\u0103\u021bim via\u021ba oamenilor \u0219i s\u0103 oferim solu\u021bii pentru diverse probleme de s\u0103n\u0103tate accesibile pacien\u021bilor no\u0219tri.<\/p>\n\n\n\n<h2 class=\"wp-block-heading\"><strong>&#8220;GRINDEKS&#8221; S.A. Riga, Sucursala Chi\u0219in\u0103u<\/strong><\/h2>\n\n\n\n<p>&#8220;GRINDEKS&#8221; S.A. Riga, Sucursala Chi\u0219in\u0103u\u00a0a fost fondat\u0103 \u00een ianuarie 2006.<\/p>\n\n\n\n<p>\u00cen acest timp, &#8220;GRINDEKS&#8221; S.A. Riga, Sucursala Chi\u0219in\u0103u\u00a0\u0219i-a \u00eembun\u0103t\u0103\u0163it semnificativ pozi\u0163ia \u00een clasamentul companiilor farmaceutice din Moldova, urc\u00e2nd de pe locul 46 \u00een anul 2006 pe locul 8 \u00een anul 2025.<\/p>\n\n\n\n<p>S\u0103n\u0103tatea oamenilor este obiectivul nostru principal, valoarea fundamental\u0103 \u0219i principiul de baz\u0103.<\/p>\n\n\n\n<p>&#8220;GRINDEKS&#8221; S.A. Riga, Sucursala Chi\u0219in\u0103u\u00a0colaboreaz\u0103 cu Agen\u021bia Medicamentului \u0219i Dispozitivelor Medicale, care organizeaz\u0103 \u015fi coordoneaz\u0103 procesul de expertiz\u0103 \u015fi autorizare a medicamentelor, aplic\u0103 \u015fi dezvolt\u0103 sistemul de farmacovigilen\u0163\u0103, monitorizeaz\u0103 utilizarea ra\u0163ional\u0103 a medicamentelor.<\/p>\n\n\n\n<p>O direc\u0163ie important\u0103 de activitate a &#8220;GRINDEKS&#8221; S.A. Riga, Sucursala Chi\u0219in\u0103u\u00a0este asigurarea implement\u0103rii \u015fi aprob\u0103rii medicamentelor moderne \u00een practica medical\u0103. Implementarea stabil\u0103 a produselor Grindeks \u00een Moldova a fost asigurat\u0103 \u00een mare m\u0103sur\u0103 de \u00eencrederea \u00eenalt\u0103 a medicilor \u015fi pacien\u0163ilor fa\u0163\u0103 de medicamentele eficiente \u00een tratamentul celor mai actuale afec\u0163iuni.<\/p>\n\n\n\n<p>Datorit\u0103 muncii \u00een echip\u0103 a colectivului profesionist, alc\u0103tuit din 13 persoane, a fost ob\u0163inut\u0103 o cre\u015ftere stabil\u0103 \u00een v\u00e2nz\u0103ri \u015fi recunoa\u015ftere a medicamentelor Grindeks \u00een Moldova.<\/p>\n","protected":false},"excerpt":{"rendered":"<p>Despre noi Grindeks este cel mai mare produc\u0103tor de produse farmaceutice din \u021b\u0103rile baltice, cu sediul \u00een Riga, Letonia, care activeaz\u0103 din 1946. De-a lungul&#8230;<\/p>\n","protected":false},"author":3,"featured_media":10118,"parent":0,"menu_order":0,"comment_status":"closed","ping_status":"closed","template":"","meta":{"_acf_changed":false,"footnotes":""},"class_list":["post-12092","page","type-page","status-publish","has-post-thumbnail","hentry"],"acf":[],"_links":{"self":[{"href":"https:\/\/grindeks.md\/ro\/wp-json\/wp\/v2\/pages\/12092","targetHints":{"allow":["GET"]}}],"collection":[{"href":"https:\/\/grindeks.md\/ro\/wp-json\/wp\/v2\/pages"}],"about":[{"href":"https:\/\/grindeks.md\/ro\/wp-json\/wp\/v2\/types\/page"}],"author":[{"embeddable":true,"href":"https:\/\/grindeks.md\/ro\/wp-json\/wp\/v2\/users\/3"}],"replies":[{"embeddable":true,"href":"https:\/\/grindeks.md\/ro\/wp-json\/wp\/v2\/comments?post=12092"}],"version-history":[{"count":4,"href":"https:\/\/grindeks.md\/ro\/wp-json\/wp\/v2\/pages\/12092\/revisions"}],"predecessor-version":[{"id":13495,"href":"https:\/\/grindeks.md\/ro\/wp-json\/wp\/v2\/pages\/12092\/revisions\/13495"}],"wp:featuredmedia":[{"embeddable":true,"href":"https:\/\/grindeks.md\/ro\/wp-json\/wp\/v2\/media\/10118"}],"wp:attachment":[{"href":"https:\/\/grindeks.md\/ro\/wp-json\/wp\/v2\/media?parent=12092"}],"curies":[{"name":"wp","href":"https:\/\/api.w.org\/{rel}","templated":true}]}}